{"id":790,"date":"2021-09-27T14:32:03","date_gmt":"2021-09-27T12:32:03","guid":{"rendered":"https:\/\/www.megustacubafestival.de\/workshops\/"},"modified":"2021-10-23T14:46:03","modified_gmt":"2021-10-23T12:46:03","slug":"workshops","status":"publish","type":"page","link":"https:\/\/www.megustacubafestival.de\/es\/workshops\/","title":{"rendered":"Workshops"},"content":{"rendered":"\n<style type=\"text\/css\" data-created_by=\"avia_inline_auto\" id=\"style-css-av-ku2qj2s2-fbf3ff3d666291bf6a9226b440b7fc65\">\n#top .av-special-heading.av-ku2qj2s2-fbf3ff3d666291bf6a9226b440b7fc65{\npadding-bottom:10px;\n}\nbody .av-special-heading.av-ku2qj2s2-fbf3ff3d666291bf6a9226b440b7fc65 .av-special-heading-tag .heading-char{\nfont-size:25px;\n}\n.av-special-heading.av-ku2qj2s2-fbf3ff3d666291bf6a9226b440b7fc65 .av-subheading{\nfont-size:15px;\n}\n<\/style>\n<div  class='av-special-heading av-ku2qj2s2-fbf3ff3d666291bf6a9226b440b7fc65 av-special-heading-h1 blockquote modern-quote modern-centered  avia-builder-el-0  el_before_av_hr  avia-builder-el-first '><h1 class='av-special-heading-tag '  itemprop=\"headline\"  >Workshops<\/h1><div class='av-subheading av-subheading_below'><p>3 D\u00edas de clases de Salsa<\/p>\n<\/div><div class=\"special-heading-border\"><div class=\"special-heading-inner-border\"><\/div><\/div><\/div>\n\n<style type=\"text\/css\" data-created_by=\"avia_inline_auto\" id=\"style-css-av-3je7mj-90e21a5f6c54cf9fda24aa79203edc66\">\n#top .hr.av-3je7mj-90e21a5f6c54cf9fda24aa79203edc66{\nmargin-top:30px;\nmargin-bottom:30px;\n}\n.hr.av-3je7mj-90e21a5f6c54cf9fda24aa79203edc66 .hr-inner{\nwidth:50px;\nmax-width:45%;\n}\n<\/style>\n<div  class='hr av-3je7mj-90e21a5f6c54cf9fda24aa79203edc66 hr-custom  avia-builder-el-1  el_after_av_heading  el_before_av_one_half  hr-center hr-icon-yes'><span class='hr-inner inner-border-av-border-thin'><span class=\"hr-inner-style\"><\/span><\/span><span class='av-seperator-icon' aria-hidden='true' data-av_icon='\ue808' data-av_iconfont='entypo-fontello'><\/span><span class='hr-inner inner-border-av-border-thin'><span class=\"hr-inner-style\"><\/span><\/span><\/div>\n\n<style type=\"text\/css\" data-created_by=\"avia_inline_auto\" id=\"style-css-av-3f2ouz-5b388280ba358fe0ed41d1143b485015\">\n.flex_column.av-3f2ouz-5b388280ba358fe0ed41d1143b485015{\nborder-radius:0px 0px 0px 0px;\npadding:0px 0px 0px 0px;\n}\n<\/style>\n<div  class='flex_column av-3f2ouz-5b388280ba358fe0ed41d1143b485015 av_one_half  avia-builder-el-2  el_after_av_hr  el_before_av_one_half  first flex_column_div av-zero-column-padding  '     ><p>\n<style type=\"text\/css\" data-created_by=\"avia_inline_auto\" id=\"style-css-av-ku2qwt7p-786eff01fa9e77ecb488ae12fe37872e\">\n#top .av-special-heading.av-ku2qwt7p-786eff01fa9e77ecb488ae12fe37872e{\npadding-bottom:10px;\n}\nbody .av-special-heading.av-ku2qwt7p-786eff01fa9e77ecb488ae12fe37872e .av-special-heading-tag .heading-char{\nfont-size:25px;\n}\n.av-special-heading.av-ku2qwt7p-786eff01fa9e77ecb488ae12fe37872e .av-subheading{\nfont-size:15px;\n}\n<\/style>\n<div  class='av-special-heading av-ku2qwt7p-786eff01fa9e77ecb488ae12fe37872e av-special-heading-h2 blockquote modern-quote modern-centered  avia-builder-el-3  el_before_av_textblock  avia-builder-el-first '><h2 class='av-special-heading-tag '  itemprop=\"headline\"  >Workshops &#8211; Talleres &#8211; Clases &#8211; Todos los niveles<\/h2><div class=\"special-heading-border\"><div class=\"special-heading-inner-border\"><\/div><\/div><\/div><br \/>\n<section  class='av_textblock_section av-ku2qaa5f-73b1d6a4ec70bb8302980a7f46367bd0 '   itemscope=\"itemscope\" itemtype=\"https:\/\/schema.org\/CreativeWork\" ><div class='avia_textblock'  itemprop=\"text\" ><h2><\/h2>\n<p>M\u00e1s de 3 d\u00edas de talleres con los mejores profesores de baile cubano del mundo, desde Afro, Rumba, Timba, Salsa Cubana, Rueda de Casino, Reggeaton, y mucho m\u00e1s&#8230;.<\/p>\n<p>Si lo desea, ofrecemos una traducci\u00f3n al alem\u00e1n de las explicaciones de los talleres. Est\u00e1 previsto especialmente para los instructores con poco conocimiento del ingl\u00e9s.<\/p>\n<\/div><\/section><\/p><\/div>\n<style type=\"text\/css\" data-created_by=\"avia_inline_auto\" id=\"style-css-av-36ownv-bc138010deb0e53c9619f7e2eb728760\">\n.flex_column.av-36ownv-bc138010deb0e53c9619f7e2eb728760{\nborder-radius:0px 0px 0px 0px;\npadding:0px 0px 0px 0px;\n}\n<\/style>\n<div  class='flex_column av-36ownv-bc138010deb0e53c9619f7e2eb728760 av_one_half  avia-builder-el-5  el_after_av_one_half  el_before_av_one_full  flex_column_div av-zero-column-padding  '     ><style type=\"text\/css\" data-created_by=\"avia_inline_auto\" id=\"style-css-av-ku2qlkuq-c085ed0c6c905b2ec40db2b878f652f5\">\n.avia-image-container.av-ku2qlkuq-c085ed0c6c905b2ec40db2b878f652f5 img.avia_image{\nbox-shadow:none;\n}\n.avia-image-container.av-ku2qlkuq-c085ed0c6c905b2ec40db2b878f652f5 .av-image-caption-overlay-center{\ncolor:#ffffff;\n}\n<\/style>\n<div  class='avia-image-container av-ku2qlkuq-c085ed0c6c905b2ec40db2b878f652f5 av-styling- avia-align-center  avia-builder-el-6  avia-builder-el-no-sibling '   itemprop=\"image\" itemscope=\"itemscope\" itemtype=\"https:\/\/schema.org\/ImageObject\" ><div class=\"avia-image-container-inner\"><div class=\"avia-image-overlay-wrap\"><img decoding=\"async\" fetchpriority=\"high\" class='wp-image-342 avia-img-lazy-loading-not-342 avia_image ' src=\"https:\/\/www.megustacubafestival.de\/wp-content\/uploads\/2021\/09\/kirenia18.jpg\" alt='Kirenia' title='kirenia18'  height=\"400\" width=\"900\"  itemprop=\"thumbnailUrl\" srcset=\"https:\/\/www.megustacubafestival.de\/wp-content\/uploads\/2021\/09\/kirenia18.jpg 900w, https:\/\/www.megustacubafestival.de\/wp-content\/uploads\/2021\/09\/kirenia18-300x133.jpg 300w, https:\/\/www.megustacubafestival.de\/wp-content\/uploads\/2021\/09\/kirenia18-768x341.jpg 768w, https:\/\/www.megustacubafestival.de\/wp-content\/uploads\/2021\/09\/kirenia18-705x313.jpg 705w\" sizes=\"(max-width: 900px) 100vw, 900px\" \/><\/div><\/div><\/div><\/div><\/p>\n\n<style type=\"text\/css\" data-created_by=\"avia_inline_auto\" id=\"style-css-av-33l1nn-020f69b413cb466f3eaf49c11e3df416\">\n.flex_column.av-33l1nn-020f69b413cb466f3eaf49c11e3df416{\nborder-radius:0px 0px 0px 0px;\npadding:0px 0px 0px 0px;\n}\n<\/style>\n<div  class='flex_column av-33l1nn-020f69b413cb466f3eaf49c11e3df416 av_one_full  avia-builder-el-7  el_after_av_one_half  avia-builder-el-last  first flex_column_div av-zero-column-padding  column-top-margin'     ><p>\n<style type=\"text\/css\" data-created_by=\"avia_inline_auto\" id=\"style-css-av-ku2qmqmp-6f132df0061b6da2a5494bd1f1bb2dbb\">\n#top .av-special-heading.av-ku2qmqmp-6f132df0061b6da2a5494bd1f1bb2dbb{\npadding-bottom:10px;\n}\nbody .av-special-heading.av-ku2qmqmp-6f132df0061b6da2a5494bd1f1bb2dbb .av-special-heading-tag .heading-char{\nfont-size:25px;\n}\n.av-special-heading.av-ku2qmqmp-6f132df0061b6da2a5494bd1f1bb2dbb .av-subheading{\nfont-size:15px;\n}\n<\/style>\n<div  class='av-special-heading av-ku2qmqmp-6f132df0061b6da2a5494bd1f1bb2dbb av-special-heading-h1 blockquote modern-quote modern-centered  avia-builder-el-8  el_before_av_hr  avia-builder-el-first '><h1 class='av-special-heading-tag '  itemprop=\"headline\"  >Workshop-Plan<\/h1><div class='av-subheading av-subheading_below'><p>Keep up to date here !!!<\/p>\n<\/div><div class=\"special-heading-border\"><div class=\"special-heading-inner-border\"><\/div><\/div><\/div><br \/>\n\n<style type=\"text\/css\" data-created_by=\"avia_inline_auto\" id=\"style-css-av-2vpnhv-a8c31f9ef4be2b933c4e0d02ed112d02\">\n#top .hr.av-2vpnhv-a8c31f9ef4be2b933c4e0d02ed112d02{\nmargin-top:50px;\nmargin-bottom:30px;\n}\n.hr.av-2vpnhv-a8c31f9ef4be2b933c4e0d02ed112d02 .hr-inner{\nwidth:50px;\nmax-width:45%;\n}\n<\/style>\n<div  class='hr av-2vpnhv-a8c31f9ef4be2b933c4e0d02ed112d02 hr-custom  avia-builder-el-9  el_after_av_heading  el_before_av_table  hr-center hr-icon-yes'><span class='hr-inner inner-border-av-border-thin'><span class=\"hr-inner-style\"><\/span><\/span><span class='av-seperator-icon' aria-hidden='true' data-av_icon='\ue808' data-av_iconfont='entypo-fontello'><\/span><span class='hr-inner inner-border-av-border-thin'><span class=\"hr-inner-style\"><\/span><\/span><\/div><br \/>\n<div  class='avia-table av-a0ytv-67ba670fb7c8e3ff4fc30052f3ba8c22 main_color avia-pricing-table-container avia_pricing_default  avia-builder-el-10  el_after_av_hr  avia-builder-el-last  avia-table-1'  itemscope=\"itemscope\" itemtype=\"https:\/\/schema.org\/Table\" ><div class=\"pricing-table-wrap\"><ul class='pricing-table '><li class='avia-heading-row'><div class='first-table-item'>Freitag<\/div><span class='pricing-extra'><\/span><\/li><li class=''>More Info coming soon &#8230;<\/li><\/ul><\/div><div class=\"pricing-table-wrap\"><ul class='pricing-table '><li class='avia-heading-row'><div class='first-table-item'>Samstag<\/div><span class='pricing-extra'><\/span><\/li><li class=''>More Info coming soon &#8230;<\/li><\/ul><\/div><div class=\"pricing-table-wrap\"><ul class='pricing-table '><li class='avia-heading-row'><div class='first-table-item'>Sonntag<\/div><span class='pricing-extra'><\/span><\/li><li class=''>More Info coming soon &#8230;<\/li><\/ul><\/div><\/div><\/p><\/div>\n<div class=\"pvc_clear\"><\/div>\n<p id=\"pvc_stats_790\" class=\"pvc_stats all  \" data-element-id=\"790\" style=\"\"><i class=\"pvc-stats-icon medium\" aria-hidden=\"true\"><svg xmlns=\"http:\/\/www.w3.org\/2000\/svg\" version=\"1.0\" viewBox=\"0 0 502 315\" preserveAspectRatio=\"xMidYMid meet\"><g transform=\"translate(0,332) scale(0.1,-0.1)\" fill=\"\" stroke=\"none\"><path d=\"M2394 3279 l-29 -30 -3 -207 c-2 -182 0 -211 15 -242 39 -76 157 -76 196 0 15 31 17 60 15 243 l-3 209 -33 29 c-26 23 -41 29 -80 29 -41 0 -53 -5 -78 -31z\"\/><path d=\"M3085 3251 c-45 -19 -58 -50 -96 -229 -47 -217 -49 -260 -13 -295 52 -53 146 -42 177 20 16 31 87 366 87 410 0 70 -86 122 -155 94z\"\/><path d=\"M1751 3234 c-13 -9 -29 -31 -37 -50 -12 -29 -10 -49 21 -204 19 -94 39 -189 45 -210 14 -50 54 -80 110 -80 34 0 48 6 76 34 21 21 34 44 34 59 0 14 -18 113 -40 219 -37 178 -43 195 -70 221 -36 32 -101 37 -139 11z\"\/><path d=\"M1163 3073 c-36 -7 -73 -59 -73 -102 0 -56 133 -378 171 -413 34 -32 83 -37 129 -13 70 36 67 87 -16 290 -86 209 -89 214 -129 231 -35 14 -42 15 -82 7z\"\/><path d=\"M3689 3066 c-15 -9 -33 -30 -42 -48 -48 -103 -147 -355 -147 -375 0 -98 131 -148 192 -74 13 15 57 108 97 206 80 196 84 226 37 273 -30 30 -99 39 -137 18z\"\/><path d=\"M583 2784 c-38 -19 -67 -74 -58 -113 9 -42 211 -354 242 -373 16 -10 45 -18 66 -18 51 0 107 52 107 100 0 39 -1 41 -124 234 -80 126 -108 162 -133 173 -41 17 -61 16 -100 -3z\"\/><path d=\"M4250 2784 c-14 -9 -74 -91 -133 -183 -95 -150 -107 -173 -107 -213 0 -55 33 -94 87 -104 67 -13 90 8 211 198 130 202 137 225 78 284 -27 27 -42 34 -72 34 -22 0 -50 -8 -64 -16z\"\/><path d=\"M2275 2693 c-553 -48 -1095 -270 -1585 -649 -135 -104 -459 -423 -483 -476 -23 -49 -22 -139 2 -186 73 -142 361 -457 571 -626 285 -228 642 -407 990 -497 242 -63 336 -73 660 -74 310 0 370 5 595 52 535 111 1045 392 1455 803 122 121 250 273 275 326 19 41 19 137 0 174 -41 79 -309 363 -465 492 -447 370 -946 591 -1479 653 -113 14 -422 18 -536 8z m395 -428 c171 -34 330 -124 456 -258 112 -119 167 -219 211 -378 27 -96 24 -300 -5 -401 -72 -255 -236 -447 -474 -557 -132 -62 -201 -76 -368 -76 -167 0 -236 14 -368 76 -213 98 -373 271 -451 485 -162 444 86 934 547 1084 153 49 292 57 452 25z m909 -232 c222 -123 408 -262 593 -441 76 -74 138 -139 138 -144 0 -16 -233 -242 -330 -319 -155 -123 -309 -223 -461 -299 l-81 -41 32 46 c18 26 49 83 70 128 143 306 141 649 -6 957 -25 52 -61 116 -79 142 l-34 47 45 -20 c26 -10 76 -36 113 -56z m-2057 25 c-40 -58 -105 -190 -130 -263 -110 -324 -59 -707 132 -981 25 -35 42 -64 37 -64 -19 0 -241 119 -326 174 -188 122 -406 314 -532 468 l-58 71 108 103 c185 178 428 349 672 473 66 33 121 60 123 61 2 0 -10 -19 -26 -42z\"\/><path d=\"M2375 1950 c-198 -44 -350 -190 -395 -379 -18 -76 -8 -221 19 -290 114 -284 457 -406 731 -260 98 52 188 154 231 260 27 69 37 214 19 290 -38 163 -166 304 -326 360 -67 23 -215 33 -279 19z\"\/><\/g><\/svg><\/i> <img loading=\"lazy\" decoding=\"async\" width=\"16\" height=\"16\" alt=\"Loading\" src=\"https:\/\/www.megustacubafestival.de\/wp-content\/plugins\/page-views-count\/ajax-loader-2x.gif\" border=0 \/><\/p>\n<div class=\"pvc_clear\"><\/div>\n","protected":false},"excerpt":{"rendered":"","protected":false},"author":1,"featured_media":0,"parent":0,"menu_order":0,"comment_status":"closed","ping_status":"closed","template":"","meta":{"footnotes":""},"class_list":["post-790","page","type-page","status-publish","hentry"],"yoast_head":"<!-- This site is optimized with the Yoast SEO plugin v23.4 - https:\/\/yoast.com\/wordpress\/plugins\/seo\/ -->\n<title>Workshops - Me gusta cuba Festival<\/title>\n<meta name=\"robots\" content=\"index, follow, max-snippet:-1, max-image-preview:large, max-video-preview:-1\" \/>\n<link rel=\"canonical\" href=\"https:\/\/www.megustacubafestival.de\/es\/workshops\/\" \/>\n<meta property=\"og:locale\" content=\"es_ES\" \/>\n<meta property=\"og:type\" content=\"article\" \/>\n<meta property=\"og:title\" content=\"Workshops - Me gusta cuba Festival\" \/>\n<meta property=\"og:url\" content=\"https:\/\/www.megustacubafestival.de\/es\/workshops\/\" \/>\n<meta property=\"og:site_name\" content=\"Me gusta cuba Festival\" \/>\n<meta property=\"article:modified_time\" content=\"2021-10-23T12:46:03+00:00\" \/>\n<meta name=\"twitter:card\" content=\"summary_large_image\" \/>\n<meta name=\"twitter:label1\" content=\"Tiempo de lectura\" \/>\n\t<meta name=\"twitter:data1\" content=\"6 minutos\" \/>\n<script type=\"application\/ld+json\" class=\"yoast-schema-graph\">{\"@context\":\"https:\/\/schema.org\",\"@graph\":[{\"@type\":\"WebPage\",\"@id\":\"https:\/\/www.megustacubafestival.de\/es\/workshops\/\",\"url\":\"https:\/\/www.megustacubafestival.de\/es\/workshops\/\",\"name\":\"Workshops - Me gusta cuba Festival\",\"isPartOf\":{\"@id\":\"https:\/\/www.megustacubafestival.de\/#website\"},\"datePublished\":\"2021-09-27T12:32:03+00:00\",\"dateModified\":\"2021-10-23T12:46:03+00:00\",\"breadcrumb\":{\"@id\":\"https:\/\/www.megustacubafestival.de\/es\/workshops\/#breadcrumb\"},\"inLanguage\":\"es\",\"potentialAction\":[{\"@type\":\"ReadAction\",\"target\":[\"https:\/\/www.megustacubafestival.de\/es\/workshops\/\"]}]},{\"@type\":\"BreadcrumbList\",\"@id\":\"https:\/\/www.megustacubafestival.de\/es\/workshops\/#breadcrumb\",\"itemListElement\":[{\"@type\":\"ListItem\",\"position\":1,\"name\":\"Startseite\",\"item\":\"https:\/\/www.megustacubafestival.de\/es\/\"},{\"@type\":\"ListItem\",\"position\":2,\"name\":\"Workshops\"}]},{\"@type\":\"WebSite\",\"@id\":\"https:\/\/www.megustacubafestival.de\/#website\",\"url\":\"https:\/\/www.megustacubafestival.de\/\",\"name\":\"Me gusta cuba Festival\",\"description\":\"Frankfurt \u2605 Salsa Cubana \u2605 Son \u2605 Rumba \u2605 May 2022\",\"publisher\":{\"@id\":\"https:\/\/www.megustacubafestival.de\/#organization\"},\"potentialAction\":[{\"@type\":\"SearchAction\",\"target\":{\"@type\":\"EntryPoint\",\"urlTemplate\":\"https:\/\/www.megustacubafestival.de\/?s={search_term_string}\"},\"query-input\":{\"@type\":\"PropertyValueSpecification\",\"valueRequired\":true,\"valueName\":\"search_term_string\"}}],\"inLanguage\":\"es\"},{\"@type\":\"Organization\",\"@id\":\"https:\/\/www.megustacubafestival.de\/#organization\",\"name\":\"Me gusta cuba Festival\",\"url\":\"https:\/\/www.megustacubafestival.de\/\",\"logo\":{\"@type\":\"ImageObject\",\"inLanguage\":\"es\",\"@id\":\"https:\/\/www.megustacubafestival.de\/#\/schema\/logo\/image\/\",\"url\":\"https:\/\/www.megustacubafestival.de\/wp-content\/uploads\/2021\/09\/megustacuba-festival-logo.png\",\"contentUrl\":\"https:\/\/www.megustacubafestival.de\/wp-content\/uploads\/2021\/09\/megustacuba-festival-logo.png\",\"width\":342,\"height\":260,\"caption\":\"Me gusta cuba Festival\"},\"image\":{\"@id\":\"https:\/\/www.megustacubafestival.de\/#\/schema\/logo\/image\/\"}}]}<\/script>\n<!-- \/ Yoast SEO plugin. -->","yoast_head_json":{"title":"Workshops - Me gusta cuba Festival","robots":{"index":"index","follow":"follow","max-snippet":"max-snippet:-1","max-image-preview":"max-image-preview:large","max-video-preview":"max-video-preview:-1"},"canonical":"https:\/\/www.megustacubafestival.de\/es\/workshops\/","og_locale":"es_ES","og_type":"article","og_title":"Workshops - Me gusta cuba Festival","og_url":"https:\/\/www.megustacubafestival.de\/es\/workshops\/","og_site_name":"Me gusta cuba Festival","article_modified_time":"2021-10-23T12:46:03+00:00","twitter_card":"summary_large_image","twitter_misc":{"Tiempo de lectura":"6 minutos"},"schema":{"@context":"https:\/\/schema.org","@graph":[{"@type":"WebPage","@id":"https:\/\/www.megustacubafestival.de\/es\/workshops\/","url":"https:\/\/www.megustacubafestival.de\/es\/workshops\/","name":"Workshops - Me gusta cuba Festival","isPartOf":{"@id":"https:\/\/www.megustacubafestival.de\/#website"},"datePublished":"2021-09-27T12:32:03+00:00","dateModified":"2021-10-23T12:46:03+00:00","breadcrumb":{"@id":"https:\/\/www.megustacubafestival.de\/es\/workshops\/#breadcrumb"},"inLanguage":"es","potentialAction":[{"@type":"ReadAction","target":["https:\/\/www.megustacubafestival.de\/es\/workshops\/"]}]},{"@type":"BreadcrumbList","@id":"https:\/\/www.megustacubafestival.de\/es\/workshops\/#breadcrumb","itemListElement":[{"@type":"ListItem","position":1,"name":"Startseite","item":"https:\/\/www.megustacubafestival.de\/es\/"},{"@type":"ListItem","position":2,"name":"Workshops"}]},{"@type":"WebSite","@id":"https:\/\/www.megustacubafestival.de\/#website","url":"https:\/\/www.megustacubafestival.de\/","name":"Me gusta cuba Festival","description":"Frankfurt \u2605 Salsa Cubana \u2605 Son \u2605 Rumba \u2605 May 2022","publisher":{"@id":"https:\/\/www.megustacubafestival.de\/#organization"},"potentialAction":[{"@type":"SearchAction","target":{"@type":"EntryPoint","urlTemplate":"https:\/\/www.megustacubafestival.de\/?s={search_term_string}"},"query-input":{"@type":"PropertyValueSpecification","valueRequired":true,"valueName":"search_term_string"}}],"inLanguage":"es"},{"@type":"Organization","@id":"https:\/\/www.megustacubafestival.de\/#organization","name":"Me gusta cuba Festival","url":"https:\/\/www.megustacubafestival.de\/","logo":{"@type":"ImageObject","inLanguage":"es","@id":"https:\/\/www.megustacubafestival.de\/#\/schema\/logo\/image\/","url":"https:\/\/www.megustacubafestival.de\/wp-content\/uploads\/2021\/09\/megustacuba-festival-logo.png","contentUrl":"https:\/\/www.megustacubafestival.de\/wp-content\/uploads\/2021\/09\/megustacuba-festival-logo.png","width":342,"height":260,"caption":"Me gusta cuba Festival"},"image":{"@id":"https:\/\/www.megustacubafestival.de\/#\/schema\/logo\/image\/"}}]}},"_links":{"self":[{"href":"https:\/\/www.megustacubafestival.de\/es\/wp-json\/wp\/v2\/pages\/790"}],"collection":[{"href":"https:\/\/www.megustacubafestival.de\/es\/wp-json\/wp\/v2\/pages"}],"about":[{"href":"https:\/\/www.megustacubafestival.de\/es\/wp-json\/wp\/v2\/types\/page"}],"author":[{"embeddable":true,"href":"https:\/\/www.megustacubafestival.de\/es\/wp-json\/wp\/v2\/users\/1"}],"replies":[{"embeddable":true,"href":"https:\/\/www.megustacubafestival.de\/es\/wp-json\/wp\/v2\/comments?post=790"}],"version-history":[{"count":4,"href":"https:\/\/www.megustacubafestival.de\/es\/wp-json\/wp\/v2\/pages\/790\/revisions"}],"predecessor-version":[{"id":1139,"href":"https:\/\/www.megustacubafestival.de\/es\/wp-json\/wp\/v2\/pages\/790\/revisions\/1139"}],"wp:attachment":[{"href":"https:\/\/www.megustacubafestival.de\/es\/wp-json\/wp\/v2\/media?parent=790"}],"curies":[{"name":"wp","href":"https:\/\/api.w.org\/{rel}","templated":true}]}}